{"id":21,"date":"2020-05-02T08:43:47","date_gmt":"2020-05-02T08:43:47","guid":{"rendered":"http:\/\/diedienstleister.at\/?page_id=21"},"modified":"2020-07-22T20:06:33","modified_gmt":"2020-07-22T20:06:33","slug":"home","status":"publish","type":"page","link":"http:\/\/diedienstleister.at\/","title":{"rendered":"Liebe Kundinnen, liebe Kunden!"},"content":{"rendered":"\n<p>Als bodenst\u00e4ndiges Unternehmen sind wir auf die Wartung von nat\u00fcrlichen Au\u00dfenanlagen spezialisiert. Geht es um Grundst\u00fccke, Gr\u00fcnfl\u00e4chen oder W\u00e4lder sind wir der kompetente Parnter an Ihrer Seite.<\/p>\n\n\n\n<p>So vielf\u00e4ltig wie die Natur, ist auch unser Dienstleistungsangebot. Unsere Arbeitsbereiche gliedern sich in Sommer- und Winterdienst, Waldservice und diverse Innenreinigungen.<\/p>\n\n\n\n<p>Von Anfang November bis Ende M\u00e4rz halten wir verschiedenste Objekte schnee- und eisfrei. Neben gr\u00f6\u00dferen Projekten \u00fcbernnehmen wir aber auch die Pflege von Au\u00dfenanlagen. Ob im Fr\u00fchling der Garten auf Vordermann gebracht werden muss &#8211;  oder im Herbst das Laub entfernt werden soll &#8211; unser geschultes Personal ist immer f\u00fcr Sie da!<\/p>\n\n\n\n<p>Zu unseren zufriedenen Kunden z\u00e4hlen \u00f6ffentliche Einrichtungen, Unternehmen und Privatpersonen. Gerne nehmen wir auch Ihnen Arbeit ab. Wir freuen uns auf eine erfolgreiche Kooperation!<\/p>\n","protected":false},"excerpt":{"rendered":"<p>Als bodenst\u00e4ndiges Unternehmen sind wir auf die Wartung von nat\u00fcrlichen Au\u00dfenanlagen spezialisiert. Geht es um Grundst\u00fccke, Gr\u00fcnfl\u00e4chen oder W\u00e4lder sind wir der kompetente Parnter an Ihrer Seite. So vielf\u00e4ltig wie die Natur, ist auch unser Dienstleistungsangebot. Unsere Arbeitsbereiche gliedern sich in Sommer- und Winterdienst, Waldservice und diverse Innenreinigungen. Von Anfang November bis Ende M\u00e4rz halten &hellip; <\/p>\n<p class=\"link-more\"><a href=\"http:\/\/diedienstleister.at\/\" class=\"more-link\"><span class=\"screen-reader-text\">\u201eLiebe Kundinnen, liebe Kunden!\u201c<\/span> weiterlesen<\/a><\/p>\n","protected":false},"author":1,"featured_media":0,"parent":0,"menu_order":0,"comment_status":"closed","ping_status":"closed","template":"","meta":{"footnotes":""},"class_list":["post-21","page","type-page","status-publish","hentry"],"_links":{"self":[{"href":"http:\/\/diedienstleister.at\/index.php?rest_route=\/wp\/v2\/pages\/21","targetHints":{"allow":["GET"]}}],"collection":[{"href":"http:\/\/diedienstleister.at\/index.php?rest_route=\/wp\/v2\/pages"}],"about":[{"href":"http:\/\/diedienstleister.at\/index.php?rest_route=\/wp\/v2\/types\/page"}],"author":[{"embeddable":true,"href":"http:\/\/diedienstleister.at\/index.php?rest_route=\/wp\/v2\/users\/1"}],"replies":[{"embeddable":true,"href":"http:\/\/diedienstleister.at\/index.php?rest_route=%2Fwp%2Fv2%2Fcomments&post=21"}],"version-history":[{"count":5,"href":"http:\/\/diedienstleister.at\/index.php?rest_route=\/wp\/v2\/pages\/21\/revisions"}],"predecessor-version":[{"id":50,"href":"http:\/\/diedienstleister.at\/index.php?rest_route=\/wp\/v2\/pages\/21\/revisions\/50"}],"wp:attachment":[{"href":"http:\/\/diedienstleister.at\/index.php?rest_route=%2Fwp%2Fv2%2Fmedia&parent=21"}],"curies":[{"name":"wp","href":"https:\/\/api.w.org\/{rel}","templated":true}]}}